{"id":236,"date":"2025-10-28T02:36:08","date_gmt":"2025-10-28T02:36:08","guid":{"rendered":"https:\/\/nicarao.com.ni\/?page_id=236"},"modified":"2026-01-06T19:46:06","modified_gmt":"2026-01-06T19:46:06","slug":"quienes-somos","status":"publish","type":"page","link":"https:\/\/nicarao.com.ni\/en\/quienes-somos\/","title":{"rendered":"About Us"},"content":{"rendered":"<div id=\"vc_row-6a06b3ef82649\" class=\"vc_row wpb_row vc_row-fluid\"><div class=\"wpb_column vc_column_container vc_col-sm-12\"><div class=\"vc_column-inner\"><div class=\"wpb_wrapper\">\n\t<div  class=\"wpb_single_image wpb_content_element vc_align_left\">\n\t\t\n\t\t<figure class=\"wpb_wrapper vc_figure\">\n\t\t\t<div class=\"vc_single_image-wrapper   vc_box_border_grey\"><img loading=\"lazy\" decoding=\"async\" width=\"1280\" height=\"960\" src=\"https:\/\/nicarao.com.ni\/wp-content\/uploads\/2025\/09\/IMG-20240614-WA0032.jpg\" class=\"vc_single_image-img attachment-full\" alt=\"\" srcset=\"https:\/\/nicarao.com.ni\/wp-content\/uploads\/2025\/09\/IMG-20240614-WA0032.jpg 1280w, https:\/\/nicarao.com.ni\/wp-content\/uploads\/2025\/09\/IMG-20240614-WA0032-300x225.jpg 300w, https:\/\/nicarao.com.ni\/wp-content\/uploads\/2025\/09\/IMG-20240614-WA0032-1024x768.jpg 1024w, https:\/\/nicarao.com.ni\/wp-content\/uploads\/2025\/09\/IMG-20240614-WA0032-768x576.jpg 768w\" sizes=\"auto, (max-width: 1280px) 100vw, 1280px\" \/><\/div>\n\t\t<\/figure>\n\t<\/div>\n<\/div><\/div><\/div><\/div><div id=\"vc_row-6a06b3ef8300a\" class=\"vc_row wpb_row vc_row-fluid\"><div class=\"wpb_column vc_column_container vc_col-sm-12\"><div class=\"vc_column-inner\"><div class=\"wpb_wrapper\">\n\t<div class=\"wpb_text_column wpb_content_element\" >\n\t\t<div class=\"wpb_wrapper\">\n\t\t\t<p style=\"text-align: justify;\">NICARAO S.A.: es una microempresa exportadora desde hace 12 a\u00f1os, acopia el 90% de la producci\u00f3n de coco del pa\u00eds. Fue la primera empresa en Nicaragua en abrir el mercado de coco hacia Italia, Estados Unidos y Puerto Rico. Cuenta con una red de 12 acopiadores y m\u00e1s de 300 productores de coco, cuya relaci\u00f3n comercial se ha consolidado en los 12 a\u00f1os que tiene de exportar coco seco<em>.<\/em><\/p>\n<p style=\"text-align: justify;\">The company is located in the municipality of El Rama, South Caribbean Coast Autonomous Region of Nicaragua and its main objective is focused on the production, import, export, marketing and distribution of all types of fruits, legumes and vegetables, specializing in recent years in the collection and processing of dried coconut nuts which are exported to the United States and Italy and represent 71% of its exports.<\/p>\n<p style=\"text-align: justify;\">The company's beginnings were an initiative to market coconut production, which at the time had no market on Nicaragua's Caribbean Coast. To this end, the founders traveled to various communities and municipalities to meet with small-scale farmers who expressed that selling coconuts would be one of their few sources of income. Later, at a trade fair, they had the opportunity to showcase different coconut varieties as samples and seek international buyers, thus initiating sales and establishing contacts with foreign buyers. Over the years, the company has diversified its portfolio by collecting and marketing roots and tubers, coffee, cacao, and coconut byproducts.<\/p>\n<h3>Mission<\/h3>\n<p style=\"text-align: justify;\">A company that promotes production, innovation, and transformation processes for traditional and non-traditional products sold in the national and international markets, contributing to the country's economic revitalization through inclusive business relationships with its suppliers and customers.<\/p>\n<h3>Vision<\/h3>\n<p style=\"text-align: justify;\">To be a leading company in the production, innovation, processing, marketing, and export of high-quality traditional and non-traditional crops through an inclusive approach, with economic, environmental, and social sustainability, contributing to the country's economic development.<\/p>\n\n\t\t<\/div>\n\t<\/div>\n<\/div><\/div><\/div><\/div>","protected":false},"excerpt":{"rendered":"","protected":false},"author":2,"featured_media":0,"parent":0,"menu_order":0,"comment_status":"closed","ping_status":"closed","template":"","meta":{"om_disable_all_campaigns":false,"footnotes":""},"class_list":["post-236","page","type-page","status-publish"],"_links":{"self":[{"href":"https:\/\/nicarao.com.ni\/en\/wp-json\/wp\/v2\/pages\/236","targetHints":{"allow":["GET"]}}],"collection":[{"href":"https:\/\/nicarao.com.ni\/en\/wp-json\/wp\/v2\/pages"}],"about":[{"href":"https:\/\/nicarao.com.ni\/en\/wp-json\/wp\/v2\/types\/page"}],"author":[{"embeddable":true,"href":"https:\/\/nicarao.com.ni\/en\/wp-json\/wp\/v2\/users\/2"}],"replies":[{"embeddable":true,"href":"https:\/\/nicarao.com.ni\/en\/wp-json\/wp\/v2\/comments?post=236"}],"version-history":[{"count":20,"href":"https:\/\/nicarao.com.ni\/en\/wp-json\/wp\/v2\/pages\/236\/revisions"}],"predecessor-version":[{"id":658,"href":"https:\/\/nicarao.com.ni\/en\/wp-json\/wp\/v2\/pages\/236\/revisions\/658"}],"wp:attachment":[{"href":"https:\/\/nicarao.com.ni\/en\/wp-json\/wp\/v2\/media?parent=236"}],"curies":[{"name":"wp","href":"https:\/\/api.w.org\/{rel}","templated":true}]}}